{"id":63,"date":"2025-12-22T22:01:54","date_gmt":"2025-12-22T22:01:54","guid":{"rendered":"https:\/\/dumasavocat.cloud\/mentions-legales\/"},"modified":"2026-01-23T20:52:28","modified_gmt":"2026-01-23T20:52:28","slug":"mentions-legales","status":"publish","type":"page","link":"https:\/\/dumasavocat.cloud\/en\/mentions-legales\/","title":{"rendered":"Mentions l\u00e9gales"},"content":{"rendered":"<div class=\"wp-block-group alignfull is-style-ext-preset--group--natural-1--section has-background-background-color has-background has-global-padding is-layout-constrained wp-container-core-group-is-layout-6150fac0 wp-block-group-is-layout-constrained\" style=\"margin-top:0;margin-bottom:0;padding-top:var(--wp--preset--spacing--70);padding-bottom:var(--wp--preset--spacing--70)\">\n<p><\/p>\n\n\n\n<p><\/p>\n\n\n\n<p><strong>\u00c9diteur du site et responsable publication :<\/strong><br>DUMAS AVOCAT <\/p>\n\n\n\n<p>SIRET : 79029265000047<br>Adresse : 10 Avenue du 18\u00e8me R\u00e9giment d&rsquo;Infanterie, 64000 PAU France<\/p>\n\n\n\n<p><strong>Repr\u00e9sentant l\u00e9gal :<\/strong><br>St\u00e9phanie DUMAS<br>Avocate<\/p>\n\n\n\n<p><strong>Coordonn\u00e9es :<\/strong><br>T\u00e9l\u00e9phone : 06-31-00-36-07<br>E-mail : contact@dumasavocat.cloud<br>Site web : <a href=\"https:\/\/dumasavocat.cloud\/en\/\">URL DU SITE<\/a><\/p>\n\n\n\n<p><strong>Barrau d&rsquo;appartenance :<\/strong><br>Barrau de Pau &#8211; 3B Rue Gassiot &#8211; 64000 PAU<\/p>\n\n\n\n<p><strong>H\u00e9bergeur du site :<\/strong><br>IONOS \/ WORDPRESS<\/p>\n\n\n\n<p>Iconographie, et tout droit r\u00e9serv\u00e9s copyright \u00a9<\/p>\n\n\n\n<p><br><strong>Informations sur l\u2019entreprise:<\/strong><br>Date immatriculation au RNE : 14\/01\/2026<br>TVA intracommunautaire: FR82790292650<\/p>\n\n\n\n<p><br><strong>Derni\u00e8re mise \u00e0 jour:<\/strong><br>23\/01\/2026<\/p>\n<\/div>","protected":false},"excerpt":{"rendered":"<p>\u00c9diteur du site et responsable publication :DUMAS AVOCAT SIRET : 79029265000047Adresse : 10 Avenue du 18\u00e8me R\u00e9giment d&rsquo;Infanterie, 64000 PAU France Repr\u00e9sentant l\u00e9gal :St\u00e9phanie DUMASAvocate Coordonn\u00e9es :T\u00e9l\u00e9phone : 06-31-00-36-07E-mail : contact@dumasavocat.cloudSite web : URL DU SITE Barrau d&rsquo;appartenance :Barrau de Pau &#8211; 3B Rue Gassiot &#8211; 64000 PAU H\u00e9bergeur du site :IONOS \/ WORDPRESS Iconographie, [&hellip;]<\/p>\n","protected":false},"author":1,"featured_media":0,"parent":0,"menu_order":0,"comment_status":"closed","ping_status":"closed","template":"page-with-title","meta":{"footnotes":""},"class_list":["post-63","page","type-page","status-publish","hentry"],"_links":{"self":[{"href":"https:\/\/dumasavocat.cloud\/en\/wp-json\/wp\/v2\/pages\/63","targetHints":{"allow":["GET"]}}],"collection":[{"href":"https:\/\/dumasavocat.cloud\/en\/wp-json\/wp\/v2\/pages"}],"about":[{"href":"https:\/\/dumasavocat.cloud\/en\/wp-json\/wp\/v2\/types\/page"}],"author":[{"embeddable":true,"href":"https:\/\/dumasavocat.cloud\/en\/wp-json\/wp\/v2\/users\/1"}],"replies":[{"embeddable":true,"href":"https:\/\/dumasavocat.cloud\/en\/wp-json\/wp\/v2\/comments?post=63"}],"version-history":[{"count":72,"href":"https:\/\/dumasavocat.cloud\/en\/wp-json\/wp\/v2\/pages\/63\/revisions"}],"predecessor-version":[{"id":393,"href":"https:\/\/dumasavocat.cloud\/en\/wp-json\/wp\/v2\/pages\/63\/revisions\/393"}],"wp:attachment":[{"href":"https:\/\/dumasavocat.cloud\/en\/wp-json\/wp\/v2\/media?parent=63"}],"curies":[{"name":"wp","href":"https:\/\/api.w.org\/{rel}","templated":true}]}}