{"id":58,"date":"2025-12-22T22:01:45","date_gmt":"2025-12-22T22:01:45","guid":{"rendered":"https:\/\/dumasavocat.cloud\/equipe\/"},"modified":"2026-01-26T19:25:58","modified_gmt":"2026-01-26T19:25:58","slug":"equipe","status":"publish","type":"page","link":"https:\/\/dumasavocat.cloud\/en\/equipe\/","title":{"rendered":"Le Cabinet"},"content":{"rendered":"<div class=\"wp-block-group alignfull is-style-ext-preset--group--natural-1--section has-tertiary-background-color has-background has-global-padding is-layout-constrained wp-container-core-group-is-layout-e955bbaf wp-block-group-is-layout-constrained\" id=\"equipe\" style=\"margin-top:0;margin-bottom:0;padding-top:var(--wp--preset--spacing--70);padding-bottom:var(--wp--preset--spacing--70)\">\n<div class=\"wp-block-group alignwide is-vertical is-content-justification-center is-layout-flex wp-container-core-group-is-layout-c9ee0c5a wp-block-group-is-layout-flex\">\n<div class=\"wp-block-group has-global-padding is-layout-constrained wp-container-core-group-is-layout-2287c683 wp-block-group-is-layout-constrained\">\n<h2 class=\"wp-block-heading has-text-align-center\">Votre cabinet d&rsquo;avocat \u00e0 Pau<\/h2>\n\n\n\n<p class=\"has-text-align-center\">D\u00e9couvrez Maitre St\u00e9phanie DUMAS.<\/p>\n<\/div>\n<\/div>\n\n\n\n<div class=\"wp-block-columns alignwide is-layout-flex wp-container-core-columns-is-layout-08c01c1c wp-block-columns-is-layout-flex\">\n<div class=\"wp-block-column is-vertically-aligned-stretch is-layout-flow wp-block-column-is-layout-flow\"><\/div>\n\n\n\n<div class=\"wp-block-column is-vertically-aligned-stretch is-layout-flow wp-block-column-is-layout-flow\">\n<div class=\"wp-block-group is-style-ext-preset--group--natural-1--item-card-1--align-center has-global-padding is-layout-constrained wp-block-group-is-layout-constrained is-style-ext-preset--group--natural-1--item-card-1--align-center--2\">\n<figure class=\"wp-block-image\"><img loading=\"lazy\" decoding=\"async\" width=\"403\" height=\"265\" src=\"https:\/\/dumasavocat.cloud\/wp-content\/uploads\/2026\/01\/Capture-decran-2026-01-25-150239.png\" alt=\"\" class=\"wp-image-399\" srcset=\"https:\/\/dumasavocat.cloud\/wp-content\/uploads\/2026\/01\/Capture-decran-2026-01-25-150239.png 403w, https:\/\/dumasavocat.cloud\/wp-content\/uploads\/2026\/01\/Capture-decran-2026-01-25-150239-300x197.png 300w, https:\/\/dumasavocat.cloud\/wp-content\/uploads\/2026\/01\/Capture-decran-2026-01-25-150239-18x12.png 18w\" sizes=\"auto, (max-width: 403px) 100vw, 403px\" \/><\/figure>\n\n\n\n<div class=\"wp-block-group is-style-default has-global-padding is-layout-constrained wp-block-group-is-layout-constrained\">\n<h3 class=\"wp-block-heading\" style=\"font-size:clamp(14px, 0.875rem + ((1vw - 3.2px) * 0.625), 20px);\">St\u00e9phanie DUMAS<\/h3>\n\n\n\n<p style=\"margin-top:0;margin-bottom:0;font-size:clamp(14px, 0.875rem + ((1vw - 3.2px) * 0.417), 18px);\">Avocate<\/p>\n\n\n\n<p class=\"has-text-align-center\">Apr\u00e8s un Master en droit et une formation en \u00e9cole de commerce, Ma\u00eetre DUMAS a d\u00e9but\u00e9e sa carri\u00e8re comme d\u00e9tective priv\u00e9e, d\u00e9veloppant ainsi rigueur , sens de l\u2019investigation et capacit\u00e9 d\u2019analyse.<\/p>\n\n\n\n<p class=\"has-text-align-center\">Aujourd\u2019hui avocate, elle accompagne ses clients en droit p\u00e9nal, droit de la famille et droit des mineurs, avec la conviction que chaque dossier m\u00e9rite \u00e9coute, attention et accompagnement personnalis\u00e9 , au del\u00e0 du simple cadre juridique.<\/p>\n\n\n\n<ul class=\"wp-block-social-links has-normal-icon-size has-icon-color is-style-logos-only is-content-justification-center is-layout-flex wp-container-core-social-links-is-layout-4ee90c78 wp-block-social-links-is-layout-flex\" style=\"margin-top:24px\"><li style=\"color:#0B0620;\" class=\"wp-social-link wp-social-link-linkedin has-foreground-color wp-block-social-link\"><a href=\"#\" class=\"wp-block-social-link-anchor\"><svg width=\"24\" height=\"24\" viewbox=\"0 0 24 24\" version=\"1.1\" xmlns=\"http:\/\/www.w3.org\/2000\/svg\" aria-hidden=\"true\" focusable=\"false\"><path d=\"M19.7,3H4.3C3.582,3,3,3.582,3,4.3v15.4C3,20.418,3.582,21,4.3,21h15.4c0.718,0,1.3-0.582,1.3-1.3V4.3 C21,3.582,20.418,3,19.7,3z M8.339,18.338H5.667v-8.59h2.672V18.338z M7.004,8.574c-0.857,0-1.549-0.694-1.549-1.548 c0-0.855,0.691-1.548,1.549-1.548c0.854,0,1.547,0.694,1.547,1.548C8.551,7.881,7.858,8.574,7.004,8.574z M18.339,18.338h-2.669 v-4.177c0-0.996-0.017-2.278-1.387-2.278c-1.389,0-1.601,1.086-1.601,2.206v4.249h-2.667v-8.59h2.559v1.174h0.037 c0.356-0.675,1.227-1.387,2.526-1.387c2.703,0,3.203,1.779,3.203,4.092V18.338z\"><\/path><\/svg><span class=\"wp-block-social-link-label screen-reader-text\">LinkedIn<\/span><\/a><\/li>\n\n<\/ul>\n<\/div>\n<\/div>\n<\/div>\n\n\n\n<div class=\"wp-block-column is-vertically-aligned-stretch is-layout-flow wp-block-column-is-layout-flow\"><\/div>\n<\/div>\n<\/div>\n\n\n\n<div class=\"wp-block-group alignfull is-style-ext-preset--group--natural-1--section has-background-background-color has-background has-global-padding is-layout-constrained wp-container-core-group-is-layout-6714b1d7 wp-block-group-is-layout-constrained\" id=\"a-propos\" style=\"margin-top:0;margin-bottom:0;padding-top:var(--wp--preset--spacing--70);padding-bottom:var(--wp--preset--spacing--70)\">\n<div class=\"wp-block-group alignwide is-vertical is-content-justification-center is-layout-flex wp-container-core-group-is-layout-c9ee0c5a wp-block-group-is-layout-flex\">\n<div class=\"wp-block-group has-global-padding is-layout-constrained wp-container-core-group-is-layout-2287c683 wp-block-group-is-layout-constrained\">\n<p class=\"has-text-align-center\"><\/p>\n<\/div>\n<\/div>\n\n\n\n<div class=\"wp-block-columns alignwide is-layout-flex wp-container-core-columns-is-layout-28f84493 wp-block-columns-is-layout-flex\">\n<div class=\"wp-block-column is-layout-flow wp-block-column-is-layout-flow\"><\/div>\n\n\n\n<div class=\"wp-block-column is-layout-flow wp-block-column-is-layout-flow\"><\/div>\n\n\n\n<div class=\"wp-block-column is-layout-flow wp-block-column-is-layout-flow\"><\/div>\n<\/div>\n<\/div>","protected":false},"excerpt":{"rendered":"<p>Votre cabinet d&rsquo;avocat \u00e0 Pau D\u00e9couvrez Maitre St\u00e9phanie DUMAS. St\u00e9phanie DUMAS Avocate Apr\u00e8s un Master en droit et une formation en \u00e9cole de commerce, Ma\u00eetre DUMAS a d\u00e9but\u00e9e sa carri\u00e8re comme d\u00e9tective priv\u00e9e, d\u00e9veloppant ainsi rigueur , sens de l\u2019investigation et capacit\u00e9 d\u2019analyse. Aujourd\u2019hui avocate, elle accompagne ses clients en droit p\u00e9nal, droit de la [&hellip;]<\/p>\n","protected":false},"author":1,"featured_media":0,"parent":0,"menu_order":0,"comment_status":"closed","ping_status":"closed","template":"page-with-title","meta":{"footnotes":""},"class_list":["post-58","page","type-page","status-publish","hentry"],"_links":{"self":[{"href":"https:\/\/dumasavocat.cloud\/en\/wp-json\/wp\/v2\/pages\/58","targetHints":{"allow":["GET"]}}],"collection":[{"href":"https:\/\/dumasavocat.cloud\/en\/wp-json\/wp\/v2\/pages"}],"about":[{"href":"https:\/\/dumasavocat.cloud\/en\/wp-json\/wp\/v2\/types\/page"}],"author":[{"embeddable":true,"href":"https:\/\/dumasavocat.cloud\/en\/wp-json\/wp\/v2\/users\/1"}],"replies":[{"embeddable":true,"href":"https:\/\/dumasavocat.cloud\/en\/wp-json\/wp\/v2\/comments?post=58"}],"version-history":[{"count":36,"href":"https:\/\/dumasavocat.cloud\/en\/wp-json\/wp\/v2\/pages\/58\/revisions"}],"predecessor-version":[{"id":496,"href":"https:\/\/dumasavocat.cloud\/en\/wp-json\/wp\/v2\/pages\/58\/revisions\/496"}],"wp:attachment":[{"href":"https:\/\/dumasavocat.cloud\/en\/wp-json\/wp\/v2\/media?parent=58"}],"curies":[{"name":"wp","href":"https:\/\/api.w.org\/{rel}","templated":true}]}}