{"id":57,"date":"2025-12-22T22:01:44","date_gmt":"2025-12-22T22:01:44","guid":{"rendered":"https:\/\/dumasavocat.cloud\/services\/"},"modified":"2026-01-26T19:22:59","modified_gmt":"2026-01-26T19:22:59","slug":"services","status":"publish","type":"page","link":"https:\/\/dumasavocat.cloud\/en\/services\/","title":{"rendered":"Les domaines d&rsquo;intervention"},"content":{"rendered":"<div class=\"wp-block-group alignfull is-style-ext-preset--group--natural-1--section has-background-background-color has-background has-global-padding is-layout-constrained wp-container-core-group-is-layout-e955bbaf wp-block-group-is-layout-constrained\" id=\"services\" style=\"margin-top:0;margin-bottom:0;padding-top:var(--wp--preset--spacing--70);padding-bottom:var(--wp--preset--spacing--70)\">\n<div class=\"wp-block-group alignwide is-vertical is-content-justification-center is-layout-flex wp-container-core-group-is-layout-c9ee0c5a wp-block-group-is-layout-flex\">\n<div class=\"wp-block-group has-global-padding is-layout-constrained wp-container-core-group-is-layout-5e05634a wp-block-group-is-layout-constrained\">\n<h2 class=\"wp-block-heading has-text-align-center\">Comp\u00e9tences juridique en droit p\u00e9nal, droit de la famille et droit des mineurs \u00e0 PAU.<\/h2>\n\n\n\n<p class=\"has-text-align-center\"><\/p>\n<\/div>\n<\/div>\n\n\n\n<div class=\"wp-block-columns alignwide is-layout-flex wp-container-core-columns-is-layout-08c01c1c wp-block-columns-is-layout-flex\">\n<div class=\"wp-block-column is-vertically-aligned-stretch is-layout-flow wp-container-core-column-is-layout-f5bb311e wp-block-column-is-layout-flow\">\n<div class=\"wp-block-group is-style-ext-preset--group--natural-1--item-card-1--align-center has-global-padding is-layout-constrained wp-block-group-is-layout-constrained is-style-ext-preset--group--natural-1--item-card-1--align-center--2\">\n<div class=\"wp-block-group is-style-default has-global-padding is-layout-constrained wp-block-group-is-layout-constrained\">\n<p><em><strong>Le cabinet accompagne et d\u00e9fend ses clients dans toutes les proc\u00e9dures relevant du droit p\u00e9nal, notamment :<\/strong><\/em><\/p>\n\n\n\n<figure class=\"wp-block-image aligncenter size-large ext-aspect-landscape wp-duotone-primary-foreground\"><img decoding=\"async\" src=\"data:image\/svg+xml;base64,PHN2ZyB4bWxucz0iaHR0cDovL3d3dy53My5vcmcvMjAwMC9zdmciIHdpZHRoPSI0OCIgaGVpZ2h0PSI0OCIgZmlsbD0iIzAwMDAwMCIgdmlld0JveD0iMCAwIDI1NiAyNTYiPjxwYXRoIGQ9Ik0xNzIsNzZhNDQsNDQsMCwxLDAtNDQsNDRBNDQuMDUsNDQuMDUsMCwwLDAsMTcyLDc2Wm0tNDQsMjhhMjgsMjgsMCwxLDEsMjgtMjhBMjgsMjgsMCwwLDEsMTI4LDEwNFptNjAsMjRhNDQsNDQsMCwxLDAsNDQsNDRBNDQuMDUsNDQuMDUsMCwwLDAsMTg4LDEyOFptMCw3MmEyOCwyOCwwLDEsMSwyOC0yOEEyOCwyOCwwLDAsMSwxODgsMjAwWk02OCwxMjhhNDQsNDQsMCwxLDAsNDQsNDRBNDQuMDUsNDQuMDUsMCwwLDAsNjgsMTI4Wm0wLDcyYTI4LDI4LDAsMSwxLDI4LTI4QTI4LDI4LDAsMCwxLDY4LDIwMFoiPjwvcGF0aD48L3N2Zz4=\" alt=\"\" style=\"object-fit:cover\"\/><\/figure>\n\n\n\n<h3 class=\"wp-block-heading has-text-align-center\">Droit p\u00e9nal<\/h3>\n\n\n\n<p class=\"has-text-align-center\">D\u00e9fense des justiciables : devant toutes les juridictions p\u00e9nales<\/p>\n\n\n\n<p class=\"has-text-align-center\">Infractions p\u00e9nales : d\u00e9lits, contraventions et crimes<\/p>\n\n\n\n<p class=\"has-text-align-center\">Accompagnement lors des enqu\u00eates et gardes \u00e0 vue : conseils et repr\u00e9sentation d\u00e8s les premi\u00e8res \u00e9tapes<\/p>\n\n\n\n<p class=\"has-text-align-center\">Recours et proc\u00e9dures post-jugement : appels, cassation, ou r\u00e9vision<\/p>\n\n\n\n<p class=\"has-text-align-center\">Accompagnement des victimes : d\u00e9p\u00f4t de plainte, constitution de partie civile et suivi des proc\u00e9dures<\/p>\n\n\n\n<p class=\"has-text-align-center\">Conseil pr\u00e9ventif et strat\u00e9gique : pour anticiper les risques juridiques et prot\u00e9ger vos droit<\/p>\n<\/div>\n<\/div>\n<\/div>\n\n\n\n<div class=\"wp-block-column is-vertically-aligned-stretch is-layout-flow wp-container-core-column-is-layout-f5bb311e wp-block-column-is-layout-flow\">\n<div class=\"wp-block-group is-style-ext-preset--group--natural-1--item-card-1--align-center has-global-padding is-layout-constrained wp-block-group-is-layout-constrained is-style-ext-preset--group--natural-1--item-card-1--align-center--3\">\n<div class=\"wp-block-group is-style-default has-global-padding is-layout-constrained wp-block-group-is-layout-constrained\">\n<p><em><strong>Le cabinet accompagne et repr\u00e9sente ses clients dans toutes les proc\u00e9dures relevant du droit de la famille, notamment :<\/strong><\/em><\/p>\n\n\n\n<figure class=\"wp-block-image aligncenter size-large ext-aspect-landscape wp-duotone-primary-foreground\"><img decoding=\"async\" src=\"data:image\/svg+xml;base64,PHN2ZyB4bWxucz0iaHR0cDovL3d3dy53My5vcmcvMjAwMC9zdmciIHdpZHRoPSI0OCIgaGVpZ2h0PSI0OCIgZmlsbD0iIzAwMDAwMCIgdmlld0JveD0iMCAwIDI1NiAyNTYiPjxwYXRoIGQ9Ik04MCw0MGE0MCw0MCwwLDEsMCw0MCw0MEE0MCw0MCwwLDAsMCw4MCw0MFptMCw2NGEyNCwyNCwwLDEsMSwyNC0yNEEyNCwyNCwwLDAsMSw4MCwxMDRabTk2LDE2YTQwLDQwLDAsMSwwLTQwLTQwQTQwLDQwLDAsMCwwLDE3NiwxMjBabTAtNjRhMjQsMjQsMCwxLDEtMjQsMjRBMjQsMjQsMCwwLDEsMTc2LDU2Wk04MCwxMzZhNDAsNDAsMCwxLDAsNDAsNDBBNDAsNDAsMCwwLDAsODAsMTM2Wm0wLDY0YTI0LDI0LDAsMSwxLDI0LTI0QTI0LDI0LDAsMCwxLDgwLDIwMFptOTYtNjRhNDAsNDAsMCwxLDAsNDAsNDBBNDAsNDAsMCwwLDAsMTc2LDEzNlptMCw2NGEyNCwyNCwwLDEsMSwyNC0yNEEyNCwyNCwwLDAsMSwxNzYsMjAwWiI+PC9wYXRoPjwvc3ZnPg==\" alt=\"\" style=\"object-fit:cover\"\/><\/figure>\n\n\n\n<h3 class=\"wp-block-heading has-text-align-center\">Droit de la Famille<\/h3>\n\n\n\n<p class=\"has-text-align-center\">S\u00e9paration et divorce : conseils , assistance et repr\u00e9sentation devant le juge<\/p>\n\n\n\n<p class=\"has-text-align-center\">Autorit\u00e9 parentale : exercice, modification ou partage de l\u2019autorit\u00e9 parentale<\/p>\n\n\n\n<p>Droits de visite et d\u2019h\u00e9bergement : mise en place ou modification des modalit\u00e9s<\/p>\n\n\n\n<p>Pension alimentaire et contributions aux charges : calcul , contestation ou r\u00e9gularisation<\/p>\n\n\n\n<p>Gestion des conflits familiaux : m\u00e9diation, n\u00e9gociation et proc\u00e9dures judiciaires<\/p>\n\n\n\n<p>Tutelle et curatelle : protection juridique des membres vuln\u00e9rables de la famille<\/p>\n<\/div>\n<\/div>\n<\/div>\n\n\n\n<div class=\"wp-block-column is-vertically-aligned-stretch is-layout-flow wp-container-core-column-is-layout-f5bb311e wp-block-column-is-layout-flow\">\n<div class=\"wp-block-group is-style-ext-preset--group--natural-1--item-card-1--align-center has-global-padding is-layout-constrained wp-block-group-is-layout-constrained is-style-ext-preset--group--natural-1--item-card-1--align-center--4\">\n<div class=\"wp-block-group is-style-default has-global-padding is-layout-constrained wp-block-group-is-layout-constrained\">\n<p><em><strong>Le cabinet accompagne et d\u00e9fend les mineurs dans toutes les proc\u00e9dures les concernant<\/strong><\/em><\/p>\n\n\n\n<figure class=\"wp-block-image aligncenter size-large ext-aspect-landscape wp-duotone-primary-foreground\"><img decoding=\"async\" src=\"data:image\/svg+xml;base64,PHN2ZyB4bWxucz0iaHR0cDovL3d3dy53My5vcmcvMjAwMC9zdmciIHdpZHRoPSI0OCIgaGVpZ2h0PSI0OCIgZmlsbD0iIzAwMDAwMCIgdmlld0JveD0iMCAwIDI1NiAyNTYiPjxwYXRoIGQ9Ik04MCw0MGE0MCw0MCwwLDEsMCw0MCw0MEE0MCw0MCwwLDAsMCw4MCw0MFptMCw2NGEyNCwyNCwwLDEsMSwyNC0yNEEyNCwyNCwwLDAsMSw4MCwxMDRabTk2LDE2YTQwLDQwLDAsMSwwLTQwLTQwQTQwLDQwLDAsMCwwLDE3NiwxMjBabTAtNjRhMjQsMjQsMCwxLDEtMjQsMjRBMjQsMjQsMCwwLDEsMTc2LDU2Wk04MCwxMzZhNDAsNDAsMCwxLDAsNDAsNDBBNDAsNDAsMCwwLDAsODAsMTM2Wm0wLDY0YTI0LDI0LDAsMSwxLDI0LTI0QTI0LDI0LDAsMCwxLDgwLDIwMFptMTM2LTI0YTgsOCwwLDAsMS04LDhIMTg0djI0YTgsOCwwLDAsMS0xNiwwVjE4NEgxNDRhOCw4LDAsMCwxLDAtMTZoMjRWMTQ0YTgsOCwwLDAsMSwxNiwwdjI0aDI0QTgsOCwwLDAsMSwyMTYsMTc2WiI+PC9wYXRoPjwvc3ZnPg==\" alt=\"\" style=\"object-fit:cover\"\/><\/figure>\n\n\n\n<h3 class=\"wp-block-heading has-text-align-center\">Droit p\u00e9nal des mineurs<\/h3>\n\n\n\n<p class=\"has-text-align-center\">Assistance et d\u00e9fense des mineurs devant les juridictions p\u00e9nales<\/p>\n\n\n\n<p class=\"has-text-align-center\">Protection de leurs droits tout au long de la proc\u00e9dure<\/p>\n\n\n\n<p class=\"has-text-align-center\">Conseil et repr\u00e9sentation lors des mesures \u00e9ducatives ou sanctions judiciaires<\/p>\n\n\n\n<p> <\/p>\n<\/div>\n\n\n\n<div class=\"wp-block-group is-style-default has-global-padding is-layout-constrained wp-block-group-is-layout-constrained\">\n<figure class=\"wp-block-image aligncenter size-large ext-aspect-landscape wp-duotone-primary-foreground\"><img decoding=\"async\" src=\"data:image\/svg+xml;base64,PHN2ZyB4bWxucz0iaHR0cDovL3d3dy53My5vcmcvMjAwMC9zdmciIHdpZHRoPSI0OCIgaGVpZ2h0PSI0OCIgZmlsbD0iIzAwMDAwMCIgdmlld0JveD0iMCAwIDI1NiAyNTYiPjxwYXRoIGQ9Ik04MCw0MGE0MCw0MCwwLDEsMCw0MCw0MEE0MCw0MCwwLDAsMCw4MCw0MFptMCw2NGEyNCwyNCwwLDEsMSwyNC0yNEEyNCwyNCwwLDAsMSw4MCwxMDRabTk2LDE2YTQwLDQwLDAsMSwwLTQwLTQwQTQwLDQwLDAsMCwwLDE3NiwxMjBabTAtNjRhMjQsMjQsMCwxLDEtMjQsMjRBMjQsMjQsMCwwLDEsMTc2LDU2Wk04MCwxMzZhNDAsNDAsMCwxLDAsNDAsNDBBNDAsNDAsMCwwLDAsODAsMTM2Wm0wLDY0YTI0LDI0LDAsMSwxLDI0LTI0QTI0LDI0LDAsMCwxLDgwLDIwMFptMTM2LTI0YTgsOCwwLDAsMS04LDhIMTg0djI0YTgsOCwwLDAsMS0xNiwwVjE4NEgxNDRhOCw4LDAsMCwxLDAtMTZoMjRWMTQ0YTgsOCwwLDAsMSwxNiwwdjI0aDI0QTgsOCwwLDAsMSwyMTYsMTc2WiI+PC9wYXRoPjwvc3ZnPg==\" alt=\"\" style=\"object-fit:cover\"\/><\/figure>\n\n\n\n<h3 class=\"wp-block-heading has-text-align-center\">Droit civil des mineurs<\/h3>\n\n\n\n<p class=\"has-text-align-center\">Intervention en mati\u00e8re d\u2019autorit\u00e9 parentale, de droit de visite et d\u2019h\u00e9bergement<\/p>\n\n\n\n<p class=\"has-text-align-center\">Gestion des proc\u00e9dures de tutelle, curatelle et protection juridique<\/p>\n\n\n\n<p class=\"has-text-align-center\">Accompagnement des mineurs dans toutes les situations n\u00e9cessitant une protection juridique<\/p>\n<\/div>\n<\/div>\n<\/div>\n<\/div>\n<\/div>\n\n\n\n<div class=\"wp-block-group alignfull is-style-ext-preset--group--natural-1--section has-tertiary-background-color has-background has-global-padding is-layout-constrained wp-container-core-group-is-layout-e955bbaf wp-block-group-is-layout-constrained\" id=\"fonctionnalites\" style=\"margin-top:0;margin-bottom:0;padding-top:var(--wp--preset--spacing--70);padding-bottom:var(--wp--preset--spacing--70)\">\n<div class=\"wp-block-group alignwide is-vertical is-layout-flex wp-container-core-group-is-layout-c35747d5 wp-block-group-is-layout-flex\">\n<div class=\"wp-block-group has-global-padding is-layout-constrained wp-container-core-group-is-layout-5e05634a wp-block-group-is-layout-constrained\">\n<h2 class=\"wp-block-heading\">Conseils juridiques personnalis\u00e9s pour chaque situation<\/h2>\n\n\n\n<p class=\"has-text-align-left\">D\u00e9couvrez nos comp\u00e9tences en droit de la famille et droit p\u00e9nal, assurant un accompagnement rigoureux et humain \u00e0 chaque \u00e9tape.<\/p>\n<\/div>\n<\/div>\n\n\n\n<div class=\"wp-block-columns alignwide is-layout-flex wp-container-core-columns-is-layout-87beb0d0 wp-block-columns-is-layout-flex\">\n<div class=\"wp-block-column is-vertically-aligned-stretch is-layout-flow wp-container-core-column-is-layout-119bc444 wp-block-column-is-layout-flow\">\n<div class=\"wp-block-media-text is-stacked-on-mobile is-image-fill-element is-style-ext-preset--media-text--natural-1--card-1 has-background-background-color has-background is-style-ext-preset--media-text--natural-1--card-1--6\"><figure class=\"wp-block-media-text__media\"><img loading=\"lazy\" decoding=\"async\" width=\"1440\" height=\"960\" src=\"https:\/\/dumasavocat.cloud\/wp-content\/uploads\/2025\/12\/cd9c69ae1fc66a31c49d861e54c9f34a3ca08326.jpg\" alt=\"\" class=\"wp-image-84 size-full\" style=\"object-position:50% 50%\" srcset=\"https:\/\/dumasavocat.cloud\/wp-content\/uploads\/2025\/12\/cd9c69ae1fc66a31c49d861e54c9f34a3ca08326.jpg 1440w, https:\/\/dumasavocat.cloud\/wp-content\/uploads\/2025\/12\/cd9c69ae1fc66a31c49d861e54c9f34a3ca08326-300x200.jpg 300w, https:\/\/dumasavocat.cloud\/wp-content\/uploads\/2025\/12\/cd9c69ae1fc66a31c49d861e54c9f34a3ca08326-1024x683.jpg 1024w, https:\/\/dumasavocat.cloud\/wp-content\/uploads\/2025\/12\/cd9c69ae1fc66a31c49d861e54c9f34a3ca08326-768x512.jpg 768w, https:\/\/dumasavocat.cloud\/wp-content\/uploads\/2025\/12\/cd9c69ae1fc66a31c49d861e54c9f34a3ca08326-18x12.jpg 18w\" sizes=\"auto, (max-width: 1440px) 100vw, 1440px\" \/><\/figure><div class=\"wp-block-media-text__content\">\n<div class=\"wp-block-group is-style-default has-global-padding is-layout-constrained wp-container-core-group-is-layout-9a7b35d3 wp-block-group-is-layout-constrained\" style=\"padding-top:var(--wp--preset--spacing--40);padding-right:var(--wp--preset--spacing--30);padding-bottom:var(--wp--preset--spacing--40);padding-left:var(--wp--preset--spacing--30)\">\n<h3 class=\"wp-block-heading\" style=\"font-size:clamp(15.747px, 0.984rem + ((1vw - 3.2px) * 0.86), 24px);\">Droit p\u00e9nal<\/h3>\n\n\n\n<p class=\"has-small-font-size\"><em><strong>Le cabinet accompagne et d\u00e9fend ses clients dans toutes les proc\u00e9dures relevant du droit p\u00e9nal<\/strong><\/em><\/p>\n<\/div>\n<\/div><\/div>\n<\/div>\n\n\n\n<div class=\"wp-block-column is-vertically-aligned-stretch is-layout-flow wp-container-core-column-is-layout-119bc444 wp-block-column-is-layout-flow\">\n<div class=\"wp-block-media-text is-stacked-on-mobile is-image-fill-element is-style-ext-preset--media-text--natural-1--card-1 has-background-background-color has-background is-style-ext-preset--media-text--natural-1--card-1--7\"><figure class=\"wp-block-media-text__media\"><img loading=\"lazy\" decoding=\"async\" width=\"1440\" height=\"960\" src=\"https:\/\/dumasavocat.cloud\/wp-content\/uploads\/2025\/12\/242f29b0c0c1e652ead38212ec2857238346f626.jpg\" alt=\"\" class=\"wp-image-77 size-full\" style=\"object-position:50% 50%\" srcset=\"https:\/\/dumasavocat.cloud\/wp-content\/uploads\/2025\/12\/242f29b0c0c1e652ead38212ec2857238346f626.jpg 1440w, https:\/\/dumasavocat.cloud\/wp-content\/uploads\/2025\/12\/242f29b0c0c1e652ead38212ec2857238346f626-300x200.jpg 300w, https:\/\/dumasavocat.cloud\/wp-content\/uploads\/2025\/12\/242f29b0c0c1e652ead38212ec2857238346f626-1024x683.jpg 1024w, https:\/\/dumasavocat.cloud\/wp-content\/uploads\/2025\/12\/242f29b0c0c1e652ead38212ec2857238346f626-768x512.jpg 768w, https:\/\/dumasavocat.cloud\/wp-content\/uploads\/2025\/12\/242f29b0c0c1e652ead38212ec2857238346f626-18x12.jpg 18w\" sizes=\"auto, (max-width: 1440px) 100vw, 1440px\" \/><\/figure><div class=\"wp-block-media-text__content\">\n<div class=\"wp-block-group is-style-default has-global-padding is-layout-constrained wp-container-core-group-is-layout-9a7b35d3 wp-block-group-is-layout-constrained\" style=\"padding-top:var(--wp--preset--spacing--40);padding-right:var(--wp--preset--spacing--30);padding-bottom:var(--wp--preset--spacing--40);padding-left:var(--wp--preset--spacing--30)\">\n<h3 class=\"wp-block-heading\" style=\"font-size:clamp(15.747px, 0.984rem + ((1vw - 3.2px) * 0.86), 24px);\">Droit de la famille<\/h3>\n\n\n\n<p class=\"has-small-font-size\"><em><strong>Le cabinet accompagne et repr\u00e9sente ses clients dans toutes les proc\u00e9dures relevant du droit de la famille<\/strong><\/em><\/p>\n<\/div>\n<\/div><\/div>\n<\/div>\n<\/div>\n\n\n\n<div class=\"wp-block-columns alignwide is-layout-flex wp-container-core-columns-is-layout-e12f0bcd wp-block-columns-is-layout-flex\" style=\"margin-top:var(--wp--preset--spacing--30)\">\n<div class=\"wp-block-column is-layout-flow wp-container-core-column-is-layout-119bc444 wp-block-column-is-layout-flow\">\n<div class=\"wp-block-media-text is-stacked-on-mobile is-image-fill-element is-style-ext-preset--media-text--natural-1--card-1 has-background-background-color has-background is-style-ext-preset--media-text--natural-1--card-1--8\"><figure class=\"wp-block-media-text__media\"><img loading=\"lazy\" decoding=\"async\" width=\"1440\" height=\"960\" src=\"https:\/\/dumasavocat.cloud\/wp-content\/uploads\/2025\/12\/0377745cc0192ddc074a018ed83710c8dea3b8e9.jpg\" alt=\"\" class=\"wp-image-82 size-full\" style=\"object-position:50% 50%\" srcset=\"https:\/\/dumasavocat.cloud\/wp-content\/uploads\/2025\/12\/0377745cc0192ddc074a018ed83710c8dea3b8e9.jpg 1440w, https:\/\/dumasavocat.cloud\/wp-content\/uploads\/2025\/12\/0377745cc0192ddc074a018ed83710c8dea3b8e9-300x200.jpg 300w, https:\/\/dumasavocat.cloud\/wp-content\/uploads\/2025\/12\/0377745cc0192ddc074a018ed83710c8dea3b8e9-1024x683.jpg 1024w, https:\/\/dumasavocat.cloud\/wp-content\/uploads\/2025\/12\/0377745cc0192ddc074a018ed83710c8dea3b8e9-768x512.jpg 768w, https:\/\/dumasavocat.cloud\/wp-content\/uploads\/2025\/12\/0377745cc0192ddc074a018ed83710c8dea3b8e9-18x12.jpg 18w\" sizes=\"auto, (max-width: 1440px) 100vw, 1440px\" \/><\/figure><div class=\"wp-block-media-text__content\">\n<div class=\"wp-block-group is-style-default has-global-padding is-layout-constrained wp-container-core-group-is-layout-9a7b35d3 wp-block-group-is-layout-constrained\" style=\"padding-top:var(--wp--preset--spacing--40);padding-right:var(--wp--preset--spacing--30);padding-bottom:var(--wp--preset--spacing--40);padding-left:var(--wp--preset--spacing--30)\">\n<h3 class=\"wp-block-heading\" style=\"font-size:clamp(15.747px, 0.984rem + ((1vw - 3.2px) * 0.86), 24px);\">Droit des mineurs <\/h3>\n\n\n\n<p class=\"has-small-font-size\"><em><strong>Le cabinet accompagne et d\u00e9fend les mineurs dans toutes les proc\u00e9dures les concernant<\/strong><\/em><\/p>\n<\/div>\n<\/div><\/div>\n<\/div>\n\n\n\n<div class=\"wp-block-column is-layout-flow wp-container-core-column-is-layout-119bc444 wp-block-column-is-layout-flow\">\n<div class=\"wp-block-media-text is-stacked-on-mobile is-image-fill-element is-style-ext-preset--media-text--natural-1--card-1 has-background-background-color has-background is-style-ext-preset--media-text--natural-1--card-1--9\"><figure class=\"wp-block-media-text__media\"><img loading=\"lazy\" decoding=\"async\" width=\"1440\" height=\"1082\" src=\"https:\/\/dumasavocat.cloud\/wp-content\/uploads\/2025\/12\/a6db3e3baedf7f6fca45d26322f18d2f88fbd5fd.jpg\" alt=\"\" class=\"wp-image-85 size-full\" style=\"object-position:50% 50%\" srcset=\"https:\/\/dumasavocat.cloud\/wp-content\/uploads\/2025\/12\/a6db3e3baedf7f6fca45d26322f18d2f88fbd5fd.jpg 1440w, https:\/\/dumasavocat.cloud\/wp-content\/uploads\/2025\/12\/a6db3e3baedf7f6fca45d26322f18d2f88fbd5fd-300x225.jpg 300w, https:\/\/dumasavocat.cloud\/wp-content\/uploads\/2025\/12\/a6db3e3baedf7f6fca45d26322f18d2f88fbd5fd-1024x769.jpg 1024w, https:\/\/dumasavocat.cloud\/wp-content\/uploads\/2025\/12\/a6db3e3baedf7f6fca45d26322f18d2f88fbd5fd-768x577.jpg 768w, https:\/\/dumasavocat.cloud\/wp-content\/uploads\/2025\/12\/a6db3e3baedf7f6fca45d26322f18d2f88fbd5fd-16x12.jpg 16w\" sizes=\"auto, (max-width: 1440px) 100vw, 1440px\" \/><\/figure><div class=\"wp-block-media-text__content\">\n<div class=\"wp-block-group is-style-default has-global-padding is-layout-constrained wp-container-core-group-is-layout-9a7b35d3 wp-block-group-is-layout-constrained\" style=\"padding-top:var(--wp--preset--spacing--40);padding-right:var(--wp--preset--spacing--30);padding-bottom:var(--wp--preset--spacing--40);padding-left:var(--wp--preset--spacing--30)\">\n<h3 class=\"wp-block-heading\" style=\"font-size:clamp(15.747px, 0.984rem + ((1vw - 3.2px) * 0.86), 24px);\">Consultations juridiques<\/h3>\n\n\n\n<p class=\"has-small-font-size\">Rencontres d\u00e9di\u00e9es pour \u00e9valuer votre situation et d\u00e9finir la meilleure strat\u00e9gie juridique.<\/p>\n<\/div>\n<\/div><\/div>\n<\/div>\n<\/div>\n<\/div>\n\n\n\n<p><\/p>","protected":false},"excerpt":{"rendered":"<p>Comp\u00e9tences juridique en droit p\u00e9nal, droit de la famille et droit des mineurs \u00e0 PAU. Le cabinet accompagne et d\u00e9fend ses clients dans toutes les proc\u00e9dures relevant du droit p\u00e9nal, notamment : Droit p\u00e9nal D\u00e9fense des justiciables : devant toutes les juridictions p\u00e9nales Infractions p\u00e9nales : d\u00e9lits, contraventions et crimes Accompagnement lors des enqu\u00eates et [&hellip;]<\/p>\n","protected":false},"author":1,"featured_media":0,"parent":0,"menu_order":0,"comment_status":"closed","ping_status":"closed","template":"page-with-title","meta":{"footnotes":""},"class_list":["post-57","page","type-page","status-publish","hentry"],"_links":{"self":[{"href":"https:\/\/dumasavocat.cloud\/en\/wp-json\/wp\/v2\/pages\/57","targetHints":{"allow":["GET"]}}],"collection":[{"href":"https:\/\/dumasavocat.cloud\/en\/wp-json\/wp\/v2\/pages"}],"about":[{"href":"https:\/\/dumasavocat.cloud\/en\/wp-json\/wp\/v2\/types\/page"}],"author":[{"embeddable":true,"href":"https:\/\/dumasavocat.cloud\/en\/wp-json\/wp\/v2\/users\/1"}],"replies":[{"embeddable":true,"href":"https:\/\/dumasavocat.cloud\/en\/wp-json\/wp\/v2\/comments?post=57"}],"version-history":[{"count":75,"href":"https:\/\/dumasavocat.cloud\/en\/wp-json\/wp\/v2\/pages\/57\/revisions"}],"predecessor-version":[{"id":493,"href":"https:\/\/dumasavocat.cloud\/en\/wp-json\/wp\/v2\/pages\/57\/revisions\/493"}],"wp:attachment":[{"href":"https:\/\/dumasavocat.cloud\/en\/wp-json\/wp\/v2\/media?parent=57"}],"curies":[{"name":"wp","href":"https:\/\/api.w.org\/{rel}","templated":true}]}}