{"id":56,"date":"2025-12-22T22:01:44","date_gmt":"2025-12-22T22:01:44","guid":{"rendered":"https:\/\/dumasavocat.cloud\/faq\/"},"modified":"2026-01-26T19:27:31","modified_gmt":"2026-01-26T19:27:31","slug":"faq","status":"publish","type":"page","link":"https:\/\/dumasavocat.cloud\/en\/faq\/","title":{"rendered":"FAQ"},"content":{"rendered":"<div class=\"wp-block-group alignfull is-style-ext-preset--group--natural-1--section has-background-background-color has-background has-global-padding is-layout-constrained wp-container-core-group-is-layout-e955bbaf wp-block-group-is-layout-constrained\" id=\"faq\" style=\"margin-top:0;margin-bottom:0;padding-top:var(--wp--preset--spacing--70);padding-bottom:var(--wp--preset--spacing--70)\">\n<div class=\"wp-block-group alignwide is-vertical is-layout-flex wp-container-core-group-is-layout-c35747d5 wp-block-group-is-layout-flex\">\n<div class=\"wp-block-group has-global-padding is-layout-constrained wp-container-core-group-is-layout-2287c683 wp-block-group-is-layout-constrained\">\n<h2 class=\"wp-block-heading\">Maitre Dumas St\u00e9phanie, votre conseil d\u00e9di\u00e9<\/h2>\n\n\n\n<p>Vous trouverez ici des r\u00e9ponses claires aux questions courantes pour mieux comprendre nos services.<\/p>\n<\/div>\n<\/div>\n\n\n\n<div class=\"wp-block-columns alignwide is-layout-flex wp-container-core-columns-is-layout-08c01c1c wp-block-columns-is-layout-flex\">\n<div class=\"wp-block-column is-layout-flow wp-container-core-column-is-layout-119bc444 wp-block-column-is-layout-flow\">\n<div class=\"wp-block-group is-style-ext-preset--group--natural-1--item-card-1--align-start has-global-padding is-layout-constrained wp-block-group-is-layout-constrained is-style-ext-preset--group--natural-1--item-card-1--align-start--2\">\n<div class=\"wp-block-group is-style-default has-global-padding is-layout-constrained wp-block-group-is-layout-constrained\">\n<div class=\"wp-block-group is-nowrap is-layout-flex wp-container-core-group-is-layout-64fa2afa wp-block-group-is-layout-flex\" style=\"padding-top:0;padding-right:0;padding-bottom:0;padding-left:0\">\n<figure class=\"wp-block-image size-large ext-aspect-landscape wp-duotone-primary-foreground\"><img decoding=\"async\" src=\"data:image\/svg+xml;base64,PHN2ZyB4bWxucz0iaHR0cDovL3d3dy53My5vcmcvMjAwMC9zdmciIHdpZHRoPSI0OCIgaGVpZ2h0PSI0OCIgZmlsbD0iIzAwMDAwMCIgdmlld0JveD0iMCAwIDI1NiAyNTYiPjxwYXRoIGQ9Ik0xNDAsMTgwYTEyLDEyLDAsMSwxLTEyLTEyQTEyLDEyLDAsMCwxLDE0MCwxODBaTTEyOCw3MmMtMjIuMDYsMC00MCwxNi4xNS00MCwzNnY0YTgsOCwwLDAsMCwxNiwwdi00YzAtMTEsMTAuNzctMjAsMjQtMjBzMjQsOSwyNCwyMC0xMC43NywyMC0yNCwyMGE4LDgsMCwwLDAtOCw4djhhOCw4LDAsMCwwLDE2LDB2LS43MmMxOC4yNC0zLjM1LDMyLTE3LjksMzItMzUuMjhDMTY4LDg4LjE1LDE1MC4wNiw3MiwxMjgsNzJabTEwNCw1NkExMDQsMTA0LDAsMSwxLDEyOCwyNCwxMDQuMTEsMTA0LjExLDAsMCwxLDIzMiwxMjhabS0xNiwwYTg4LDg4LDAsMSwwLTg4LDg4QTg4LjEsODguMSwwLDAsMCwyMTYsMTI4WiI+PC9wYXRoPjwvc3ZnPg==\" alt=\"\" style=\"object-fit:cover\"\/><\/figure>\n\n\n\n<div class=\"wp-block-group wp-container-content-958eb9dc has-global-padding is-layout-constrained wp-container-core-group-is-layout-c06d165c wp-block-group-is-layout-constrained\" style=\"padding-top:0;padding-right:0;padding-bottom:0;padding-left:0\">\n<h3 class=\"wp-block-heading\">Quels sont les domaines de sp\u00e9cialisation du cabinet ?<\/h3>\n\n\n\n<p>Le cabinet Dumas est comp\u00e9tent en droit P\u00e9nal, droit de la famille et des mineurs, offrant un accompagnement personnalis\u00e9.<\/p>\n<\/div>\n<\/div>\n<\/div>\n<\/div>\n<\/div>\n\n\n\n<div class=\"wp-block-column is-layout-flow wp-container-core-column-is-layout-119bc444 wp-block-column-is-layout-flow\">\n<div class=\"wp-block-group is-style-ext-preset--group--natural-1--item-card-1--align-start has-global-padding is-layout-constrained wp-block-group-is-layout-constrained is-style-ext-preset--group--natural-1--item-card-1--align-start--3\">\n<div class=\"wp-block-group is-style-default has-global-padding is-layout-constrained wp-block-group-is-layout-constrained\">\n<div class=\"wp-block-group is-nowrap is-layout-flex wp-container-core-group-is-layout-64fa2afa wp-block-group-is-layout-flex\" style=\"padding-top:0;padding-right:0;padding-bottom:0;padding-left:0\">\n<figure class=\"wp-block-image size-large ext-aspect-landscape wp-duotone-primary-foreground\"><img decoding=\"async\" src=\"data:image\/svg+xml;base64,PHN2ZyB4bWxucz0iaHR0cDovL3d3dy53My5vcmcvMjAwMC9zdmciIHdpZHRoPSI0OCIgaGVpZ2h0PSI0OCIgZmlsbD0iIzAwMDAwMCIgdmlld0JveD0iMCAwIDI1NiAyNTYiPjxwYXRoIGQ9Ik0xNDAsMTgwYTEyLDEyLDAsMSwxLTEyLTEyQTEyLDEyLDAsMCwxLDE0MCwxODBaTTEyOCw3MmMtMjIuMDYsMC00MCwxNi4xNS00MCwzNnY0YTgsOCwwLDAsMCwxNiwwdi00YzAtMTEsMTAuNzctMjAsMjQtMjBzMjQsOSwyNCwyMC0xMC43NywyMC0yNCwyMGE4LDgsMCwwLDAtOCw4djhhOCw4LDAsMCwwLDE2LDB2LS43MmMxOC4yNC0zLjM1LDMyLTE3LjksMzItMzUuMjhDMTY4LDg4LjE1LDE1MC4wNiw3MiwxMjgsNzJabTEwNCw1NkExMDQsMTA0LDAsMSwxLDEyOCwyNCwxMDQuMTEsMTA0LjExLDAsMCwxLDIzMiwxMjhabS0xNiwwYTg4LDg4LDAsMSwwLTg4LDg4QTg4LjEsODguMSwwLDAsMCwyMTYsMTI4WiI+PC9wYXRoPjwvc3ZnPg==\" alt=\"\" style=\"object-fit:cover\"\/><\/figure>\n\n\n\n<div class=\"wp-block-group wp-container-content-958eb9dc has-global-padding is-layout-constrained wp-container-core-group-is-layout-c06d165c wp-block-group-is-layout-constrained\" style=\"padding-top:0;padding-right:0;padding-bottom:0;padding-left:0\">\n<h3 class=\"wp-block-heading\">Comment prendre rendez-vous avec Maitre Dumas ?<\/h3>\n\n\n\n<p>Vous pouvez nous contacter par t\u00e9l\u00e9phone ou via notre formulaire en ligne pour fixer un entretien.<\/p>\n<\/div>\n<\/div>\n<\/div>\n<\/div>\n<\/div>\n<\/div>\n\n\n\n<div class=\"wp-block-columns alignwide is-layout-flex wp-container-core-columns-is-layout-967d05ff wp-block-columns-is-layout-flex\" style=\"margin-top:var(--wp--preset--spacing--40)\">\n<div class=\"wp-block-column is-layout-flow wp-container-core-column-is-layout-119bc444 wp-block-column-is-layout-flow\">\n<div class=\"wp-block-group is-style-ext-preset--group--natural-1--item-card-1--align-start has-global-padding is-layout-constrained wp-block-group-is-layout-constrained is-style-ext-preset--group--natural-1--item-card-1--align-start--4\">\n<div class=\"wp-block-group is-style-default has-global-padding is-layout-constrained wp-block-group-is-layout-constrained\">\n<div class=\"wp-block-group is-nowrap is-layout-flex wp-container-core-group-is-layout-64fa2afa wp-block-group-is-layout-flex\" style=\"padding-top:0;padding-right:0;padding-bottom:0;padding-left:0\">\n<figure class=\"wp-block-image size-large ext-aspect-landscape wp-duotone-primary-foreground\"><img decoding=\"async\" src=\"data:image\/svg+xml;base64,PHN2ZyB4bWxucz0iaHR0cDovL3d3dy53My5vcmcvMjAwMC9zdmciIHdpZHRoPSI0OCIgaGVpZ2h0PSI0OCIgZmlsbD0iIzAwMDAwMCIgdmlld0JveD0iMCAwIDI1NiAyNTYiPjxwYXRoIGQ9Ik0xNDAsMTgwYTEyLDEyLDAsMSwxLTEyLTEyQTEyLDEyLDAsMCwxLDE0MCwxODBaTTEyOCw3MmMtMjIuMDYsMC00MCwxNi4xNS00MCwzNnY0YTgsOCwwLDAsMCwxNiwwdi00YzAtMTEsMTAuNzctMjAsMjQtMjBzMjQsOSwyNCwyMC0xMC43NywyMC0yNCwyMGE4LDgsMCwwLDAtOCw4djhhOCw4LDAsMCwwLDE2LDB2LS43MmMxOC4yNC0zLjM1LDMyLTE3LjksMzItMzUuMjhDMTY4LDg4LjE1LDE1MC4wNiw3MiwxMjgsNzJabTEwNCw1NkExMDQsMTA0LDAsMSwxLDEyOCwyNCwxMDQuMTEsMTA0LjExLDAsMCwxLDIzMiwxMjhabS0xNiwwYTg4LDg4LDAsMSwwLTg4LDg4QTg4LjEsODguMSwwLDAsMCwyMTYsMTI4WiI+PC9wYXRoPjwvc3ZnPg==\" alt=\"\" style=\"object-fit:cover\"\/><\/figure>\n\n\n\n<div class=\"wp-block-group wp-container-content-958eb9dc has-global-padding is-layout-constrained wp-container-core-group-is-layout-c06d165c wp-block-group-is-layout-constrained\" style=\"padding-top:0;padding-right:0;padding-bottom:0;padding-left:0\">\n<h3 class=\"wp-block-heading\">Quels sont les honoraires pratiqu\u00e9s par le cabinet ? Le cabinet accepte-t-il l&rsquo;Aide juridictionnelle ?<\/h3>\n\n\n\n<p>Les tarifs sont adapt\u00e9s \u00e0 chaque dossier et discut\u00e9s lors du premier rendez-vous.<\/p>\n\n\n\n<p>Oui, le cabinet accepte l&rsquo;Aide Juridictionnelle<\/p>\n<\/div>\n<\/div>\n<\/div>\n<\/div>\n<\/div>\n\n\n\n<div class=\"wp-block-column is-layout-flow wp-container-core-column-is-layout-119bc444 wp-block-column-is-layout-flow\">\n<div class=\"wp-block-group is-style-ext-preset--group--natural-1--item-card-1--align-start has-global-padding is-layout-constrained wp-block-group-is-layout-constrained is-style-ext-preset--group--natural-1--item-card-1--align-start--5\">\n<div class=\"wp-block-group is-style-default has-global-padding is-layout-constrained wp-block-group-is-layout-constrained\">\n<div class=\"wp-block-group is-nowrap is-layout-flex wp-container-core-group-is-layout-64fa2afa wp-block-group-is-layout-flex\" style=\"padding-top:0;padding-right:0;padding-bottom:0;padding-left:0\">\n<figure class=\"wp-block-image size-large ext-aspect-landscape wp-duotone-primary-foreground\"><img decoding=\"async\" src=\"data:image\/svg+xml;base64,PHN2ZyB4bWxucz0iaHR0cDovL3d3dy53My5vcmcvMjAwMC9zdmciIHdpZHRoPSI0OCIgaGVpZ2h0PSI0OCIgZmlsbD0iIzAwMDAwMCIgdmlld0JveD0iMCAwIDI1NiAyNTYiPjxwYXRoIGQ9Ik0xNDAsMTgwYTEyLDEyLDAsMSwxLTEyLTEyQTEyLDEyLDAsMCwxLDE0MCwxODBaTTEyOCw3MmMtMjIuMDYsMC00MCwxNi4xNS00MCwzNnY0YTgsOCwwLDAsMCwxNiwwdi00YzAtMTEsMTAuNzctMjAsMjQtMjBzMjQsOSwyNCwyMC0xMC43NywyMC0yNCwyMGE4LDgsMCwwLDAtOCw4djhhOCw4LDAsMCwwLDE2LDB2LS43MmMxOC4yNC0zLjM1LDMyLTE3LjksMzItMzUuMjhDMTY4LDg4LjE1LDE1MC4wNiw3MiwxMjgsNzJabTEwNCw1NkExMDQsMTA0LDAsMSwxLDEyOCwyNCwxMDQuMTEsMTA0LjExLDAsMCwxLDIzMiwxMjhabS0xNiwwYTg4LDg4LDAsMSwwLTg4LDg4QTg4LjEsODguMSwwLDAsMCwyMTYsMTI4WiI+PC9wYXRoPjwvc3ZnPg==\" alt=\"\" style=\"object-fit:cover\"\/><\/figure>\n\n\n\n<div class=\"wp-block-group wp-container-content-958eb9dc has-global-padding is-layout-constrained wp-container-core-group-is-layout-c06d165c wp-block-group-is-layout-constrained\" style=\"padding-top:0;padding-right:0;padding-bottom:0;padding-left:0\">\n<h3 class=\"wp-block-heading\">Comment se d\u00e9roule une consultation juridique ?<\/h3>\n\n\n\n<p>Lors de la consultation, nous \u00e9tudions votre situation afin de vous offrir des conseils personnalis\u00e9s. La premi\u00e8re consultation est payante, mais son co\u00fbt est d\u00e9ductible des honoraires lors des prestations suivantes.<\/p>\n<\/div>\n<\/div>\n<\/div>\n<\/div>\n<\/div>\n<\/div>\n\n\n\n<div class=\"wp-block-columns alignwide is-layout-flex wp-container-core-columns-is-layout-967d05ff wp-block-columns-is-layout-flex\" style=\"margin-top:var(--wp--preset--spacing--40)\">\n<div class=\"wp-block-column is-layout-flow wp-container-core-column-is-layout-119bc444 wp-block-column-is-layout-flow\">\n<div class=\"wp-block-group is-style-ext-preset--group--natural-1--item-card-1--align-start has-global-padding is-layout-constrained wp-block-group-is-layout-constrained is-style-ext-preset--group--natural-1--item-card-1--align-start--6\">\n<div class=\"wp-block-group is-style-default has-global-padding is-layout-constrained wp-block-group-is-layout-constrained\">\n<div class=\"wp-block-group is-nowrap is-layout-flex wp-container-core-group-is-layout-64fa2afa wp-block-group-is-layout-flex\" style=\"padding-top:0;padding-right:0;padding-bottom:0;padding-left:0\">\n<figure class=\"wp-block-image size-large ext-aspect-landscape wp-duotone-primary-foreground\"><img decoding=\"async\" src=\"data:image\/svg+xml;base64,PHN2ZyB4bWxucz0iaHR0cDovL3d3dy53My5vcmcvMjAwMC9zdmciIHdpZHRoPSI0OCIgaGVpZ2h0PSI0OCIgZmlsbD0iIzAwMDAwMCIgdmlld0JveD0iMCAwIDI1NiAyNTYiPjxwYXRoIGQ9Ik0xNDAsMTgwYTEyLDEyLDAsMSwxLTEyLTEyQTEyLDEyLDAsMCwxLDE0MCwxODBaTTEyOCw3MmMtMjIuMDYsMC00MCwxNi4xNS00MCwzNnY0YTgsOCwwLDAsMCwxNiwwdi00YzAtMTEsMTAuNzctMjAsMjQtMjBzMjQsOSwyNCwyMC0xMC43NywyMC0yNCwyMGE4LDgsMCwwLDAtOCw4djhhOCw4LDAsMCwwLDE2LDB2LS43MmMxOC4yNC0zLjM1LDMyLTE3LjksMzItMzUuMjhDMTY4LDg4LjE1LDE1MC4wNiw3MiwxMjgsNzJabTEwNCw1NkExMDQsMTA0LDAsMSwxLDEyOCwyNCwxMDQuMTEsMTA0LjExLDAsMCwxLDIzMiwxMjhabS0xNiwwYTg4LDg4LDAsMSwwLTg4LDg4QTg4LjEsODguMSwwLDAsMCwyMTYsMTI4WiI+PC9wYXRoPjwvc3ZnPg==\" alt=\"\" style=\"object-fit:cover\"\/><\/figure>\n\n\n\n<div class=\"wp-block-group wp-container-content-958eb9dc has-global-padding is-layout-constrained wp-container-core-group-is-layout-c06d165c wp-block-group-is-layout-constrained\" style=\"padding-top:0;padding-right:0;padding-bottom:0;padding-left:0\">\n<h3 class=\"wp-block-heading\">Le cabinet intervient-il en dehors de Pau ?<\/h3>\n\n\n\n<p>Oui, nous repr\u00e9sentons nos clients dans toute la r\u00e9gion Nouvelle-Aquitaine et en France.<\/p>\n<\/div>\n<\/div>\n<\/div>\n<\/div>\n<\/div>\n\n\n\n<div class=\"wp-block-column is-layout-flow wp-container-core-column-is-layout-119bc444 wp-block-column-is-layout-flow\">\n<div class=\"wp-block-group is-style-ext-preset--group--natural-1--item-card-1--align-start has-global-padding is-layout-constrained wp-block-group-is-layout-constrained is-style-ext-preset--group--natural-1--item-card-1--align-start--7\">\n<div class=\"wp-block-group is-style-default has-global-padding is-layout-constrained wp-block-group-is-layout-constrained\">\n<div class=\"wp-block-group is-nowrap is-layout-flex wp-container-core-group-is-layout-64fa2afa wp-block-group-is-layout-flex\" style=\"padding-top:0;padding-right:0;padding-bottom:0;padding-left:0\">\n<figure class=\"wp-block-image size-large ext-aspect-landscape wp-duotone-primary-foreground\"><img decoding=\"async\" src=\"data:image\/svg+xml;base64,PHN2ZyB4bWxucz0iaHR0cDovL3d3dy53My5vcmcvMjAwMC9zdmciIHdpZHRoPSI0OCIgaGVpZ2h0PSI0OCIgZmlsbD0iIzAwMDAwMCIgdmlld0JveD0iMCAwIDI1NiAyNTYiPjxwYXRoIGQ9Ik0xNDAsMTgwYTEyLDEyLDAsMSwxLTEyLTEyQTEyLDEyLDAsMCwxLDE0MCwxODBaTTEyOCw3MmMtMjIuMDYsMC00MCwxNi4xNS00MCwzNnY0YTgsOCwwLDAsMCwxNiwwdi00YzAtMTEsMTAuNzctMjAsMjQtMjBzMjQsOSwyNCwyMC0xMC43NywyMC0yNCwyMGE4LDgsMCwwLDAtOCw4djhhOCw4LDAsMCwwLDE2LDB2LS43MmMxOC4yNC0zLjM1LDMyLTE3LjksMzItMzUuMjhDMTY4LDg4LjE1LDE1MC4wNiw3MiwxMjgsNzJabTEwNCw1NkExMDQsMTA0LDAsMSwxLDEyOCwyNCwxMDQuMTEsMTA0LjExLDAsMCwxLDIzMiwxMjhabS0xNiwwYTg4LDg4LDAsMSwwLTg4LDg4QTg4LjEsODguMSwwLDAsMCwyMTYsMTI4WiI+PC9wYXRoPjwvc3ZnPg==\" alt=\"\" style=\"object-fit:cover\"\/><\/figure>\n\n\n\n<div class=\"wp-block-group wp-container-content-958eb9dc has-global-padding is-layout-constrained wp-container-core-group-is-layout-c06d165c wp-block-group-is-layout-constrained\" style=\"padding-top:0;padding-right:0;padding-bottom:0;padding-left:0\">\n<h3 class=\"wp-block-heading\">Quels documents dois-je pr\u00e9parer avant une consultation ?<\/h3>\n\n\n\n<p>Il est conseill\u00e9 d&rsquo;apporter tous les documents li\u00e9s \u00e0 votre dossier pour une \u00e9valuation pr\u00e9cise.<\/p>\n<\/div>\n<\/div>\n<\/div>\n<\/div>\n<\/div>\n<\/div>\n<\/div>","protected":false},"excerpt":{"rendered":"<p>Maitre Dumas St\u00e9phanie, votre conseil d\u00e9di\u00e9 Vous trouverez ici des r\u00e9ponses claires aux questions courantes pour mieux comprendre nos services. Quels sont les domaines de sp\u00e9cialisation du cabinet ? Le cabinet Dumas est comp\u00e9tent en droit P\u00e9nal, droit de la famille et des mineurs, offrant un accompagnement personnalis\u00e9. Comment prendre rendez-vous avec Maitre Dumas ? [&hellip;]<\/p>\n","protected":false},"author":1,"featured_media":0,"parent":0,"menu_order":0,"comment_status":"closed","ping_status":"closed","template":"page-with-title","meta":{"footnotes":""},"class_list":["post-56","page","type-page","status-publish","hentry"],"_links":{"self":[{"href":"https:\/\/dumasavocat.cloud\/en\/wp-json\/wp\/v2\/pages\/56","targetHints":{"allow":["GET"]}}],"collection":[{"href":"https:\/\/dumasavocat.cloud\/en\/wp-json\/wp\/v2\/pages"}],"about":[{"href":"https:\/\/dumasavocat.cloud\/en\/wp-json\/wp\/v2\/types\/page"}],"author":[{"embeddable":true,"href":"https:\/\/dumasavocat.cloud\/en\/wp-json\/wp\/v2\/users\/1"}],"replies":[{"embeddable":true,"href":"https:\/\/dumasavocat.cloud\/en\/wp-json\/wp\/v2\/comments?post=56"}],"version-history":[{"count":35,"href":"https:\/\/dumasavocat.cloud\/en\/wp-json\/wp\/v2\/pages\/56\/revisions"}],"predecessor-version":[{"id":499,"href":"https:\/\/dumasavocat.cloud\/en\/wp-json\/wp\/v2\/pages\/56\/revisions\/499"}],"wp:attachment":[{"href":"https:\/\/dumasavocat.cloud\/en\/wp-json\/wp\/v2\/media?parent=56"}],"curies":[{"name":"wp","href":"https:\/\/api.w.org\/{rel}","templated":true}]}}